{"id":58,"date":"2017-09-12T17:41:50","date_gmt":"2017-09-12T17:41:50","guid":{"rendered":"http:\/\/av-bevern.de\/?page_id=58"},"modified":"2024-04-28T19:01:15","modified_gmt":"2024-04-28T19:01:15","slug":"der-verein","status":"publish","type":"page","link":"https:\/\/av-bevern.de\/?page_id=58","title":{"rendered":"Verein"},"content":{"rendered":"<h1><span style=\"color: #000000;\"><b>AV-Bevern e. V.<\/b><\/span><\/h1>\n<p>Der Angelverein Bevern wurde 1965 gegr\u00fcndet und hat derzeit knapp \u00fcber 200 Mitglieder. Zu unseren Zielen geh\u00f6rt die naturnahe Erhaltung unserer Vereinsgew\u00e4sser und die Pflege eines artenreichen Fischbestandes. Mit zahlreichen Aktivit\u00e4ten m\u00f6chten wir das Freizeitangebot der\u00a0Ortschaft Bevern\u00a0erweitern und damit f\u00fcr alle Altersgruppen Bet\u00e4tigungsm\u00f6glichkeiten bieten. Beispiele hierf\u00fcr sind die Durchf\u00fchrung von Pflege- und Besatzma\u00dfnamen am Gew\u00e4sser, die Teilnahme am Meerforellenprogramm &#8222;Obere Oste&#8220; , das Ausrichten von Hegefischen zur Bestandskontrolle und die Ausbildung der Jugend. Ausgangspunkt f\u00fcr alle Aktivit\u00e4ten ist das 1992 eingeweihte Vereinsheim. Es wurde in zentraler Ortslage, im sogenannten\u00a0&#8222;Eichenhof&#8220;\u00a0errichtet.<\/p>\n<h2><span style=\"color: #000000;\"><b>Vereinsgew\u00e4sser<\/b><\/span><\/h2>\n<p><i><b>Bever:<\/b><\/i><\/p>\n<p>Ab Gemarkungsgrenze\u00a0 Pl\u00f6njeshausen\u00a0(M\u00fcndung Duxbach)\u00a07 km flussabw\u00e4rts bis Gemarkungsgrenze Bremerv\u00f6rde\u00a0(M\u00fcndung Fischgraben). Durchschnittliche Breite 7 m, Tiefe 0,5 m bis 3 m. Im Oberlauf teilweise schnell fliessend mit einigen Steinsch\u00fcttungen, die Forellen hervorragende Standm\u00f6glichkeiten bieten. Im Unterlauf fliesst das Wasser eher langsam dahin. Hier gibt es ein herrlich m\u00e4anderndes Flussbett, mit einigen tiefen Au\u00dfenkurven. Ob mit Fliegen-, Spinnfischrute oder Stippe, an der Bever findet jeder Angler sein geeignetes Revier.<\/p>\n<p>Fischarten: Aal, Aland, D\u00f6bel,\u00a0 Bachforelle, Barsch, Brassen, Gr\u00fcndling, Hecht, Karpfen,\u00a0 Meerforelle, Rotauge, Rotfeder, Schlei<\/p>\n<p><i><b>Lehmkuhle:<\/b><\/i><\/p>\n<p>Direkt hinter der\u00a0&#8222;Ziegelei Pape&#8220;\u00a0gelegener See. Der vom AV-Bevern e. V. gepachtete Bereich umfa\u00dft ca. 10.000 m\u00b2 und hat eine Tiefe von 0,8m bis 2m. Der eingedeichte kleinere See geh\u00f6rt nicht zum AV-Bevern e. V. und darf nicht beangelt werden! Die Lehmkuhle liegt am Rande des Beverner Waldes in sehr sch\u00f6ner Umgebung.<\/p>\n<p>Fischarten: Aal, Barsch, Brassen, Gr\u00fcndling, Hecht, Karpfen, Rotauge, Rotfeder, Schlei, Zander<\/p>\n<p><b>Wie werde ich Mitglied im AV-Bevern e. V.?<\/b><\/p>\n<p>Selbstverst\u00e4ndlich freuen wir uns \u00fcber alle, die ihr Hobby im AV-Bevern e. V. aus\u00fcben m\u00f6chten.<\/p>\n<p><i><b>Vorraussetzungen:<\/b><\/i><\/p>\n<p>Wer aktiv im Verein mitwirken will, muss:<\/p>\n<p>1.\u00a0 Die Fischerpr\u00fcfung erfolgreich abgeschlossen haben<\/p>\n<p>2. Das 14. Lebensjahr vollendet haben<\/p>\n<p>Personen die keine Fischerpr\u00fcfung abgelegt haben oder j\u00fcnger als 14 Jahre sind, k\u00f6nnen nur f\u00f6rderndes Mitglied werden.<\/p>\n<p>Personen die durch Fischwilderei oder sonstige Verst\u00f6\u00dfe aufgefallen sind, kann die Aufnahme verweigert werden.<\/p>\n<p><i><b>Aufnahmeantr\u00e4ge:<\/b><\/i><\/p>\n<p>Aufnahmeantr\u00e4ge erhalten Sie beim Schriftwart und beim Kassenwart.\u00a0<i><br \/>\n<\/i><\/p>\n<p><b><i>Sonstige Hinweise:<\/i><\/b><\/p>\n<p>Dem Aufnahmeantrag ist eine Kopie des Fischerpr\u00fcfungausweises beizuf\u00fcgen.<\/p>\n<p>Der erste Beitrag muss bei der Aufnahme in bar entrichtet werden. Die Folgebeitr\u00e4ge werden per Lastschriftverfahren von ihrem Konto abgebucht.<\/p>\n","protected":false},"excerpt":{"rendered":"<p>AV-Bevern e. V. Der Angelverein Bevern wurde 1965 gegr\u00fcndet und hat derzeit knapp \u00fcber 200 Mitglieder. Zu unseren Zielen geh\u00f6rt die naturnahe Erhaltung unserer Vereinsgew\u00e4sser und die Pflege eines artenreichen Fischbestandes. Mit zahlreichen Aktivit\u00e4ten m\u00f6chten wir das Freizeitangebot der\u00a0Ortschaft Bevern\u00a0erweitern und damit f\u00fcr alle Altersgruppen Bet\u00e4tigungsm\u00f6glichkeiten bieten. Beispiele hierf\u00fcr sind die Durchf\u00fchrung von Pflege- und &hellip; <\/p>\n<p class=\"link-more\"><a href=\"https:\/\/av-bevern.de\/?page_id=58\" class=\"more-link\"><span class=\"screen-reader-text\">\u201eVerein\u201c<\/span> weiterlesen<\/a><\/p>\n","protected":false},"author":1,"featured_media":0,"parent":0,"menu_order":0,"comment_status":"closed","ping_status":"closed","template":"","meta":{"footnotes":""},"class_list":["post-58","page","type-page","status-publish","hentry"],"yoast_head":"<!-- This site is optimized with the Yoast SEO plugin v27.5 - https:\/\/yoast.com\/product\/yoast-seo-wordpress\/ -->\n<title>Verein - AV Bevern<\/title>\n<meta name=\"robots\" content=\"index, follow, max-snippet:-1, max-image-preview:large, max-video-preview:-1\" \/>\n<link rel=\"canonical\" href=\"https:\/\/av-bevern.de\/?page_id=58\" \/>\n<meta property=\"og:locale\" content=\"de_DE\" \/>\n<meta property=\"og:type\" content=\"article\" \/>\n<meta property=\"og:title\" content=\"Verein - AV Bevern\" \/>\n<meta property=\"og:description\" content=\"AV-Bevern e. V. Der Angelverein Bevern wurde 1965 gegr\u00fcndet und hat derzeit knapp \u00fcber 200 Mitglieder. Zu unseren Zielen geh\u00f6rt die naturnahe Erhaltung unserer Vereinsgew\u00e4sser und die Pflege eines artenreichen Fischbestandes. Mit zahlreichen Aktivit\u00e4ten m\u00f6chten wir das Freizeitangebot der\u00a0Ortschaft Bevern\u00a0erweitern und damit f\u00fcr alle Altersgruppen Bet\u00e4tigungsm\u00f6glichkeiten bieten. Beispiele hierf\u00fcr sind die Durchf\u00fchrung von Pflege- und &hellip; \u201eVerein\u201c weiterlesen\" \/>\n<meta property=\"og:url\" content=\"https:\/\/av-bevern.de\/?page_id=58\" \/>\n<meta property=\"og:site_name\" content=\"AV Bevern\" \/>\n<meta property=\"article:modified_time\" content=\"2024-04-28T19:01:15+00:00\" \/>\n<meta name=\"twitter:card\" content=\"summary_large_image\" \/>\n<meta name=\"twitter:label1\" content=\"Gesch\u00e4tzte Lesezeit\" \/>\n\t<meta name=\"twitter:data1\" content=\"3\u00a0Minuten\" \/>\n<script type=\"application\/ld+json\" class=\"yoast-schema-graph\">{\"@context\":\"https:\\\/\\\/schema.org\",\"@graph\":[{\"@type\":\"WebPage\",\"@id\":\"https:\\\/\\\/av-bevern.de\\\/?page_id=58\",\"url\":\"https:\\\/\\\/av-bevern.de\\\/?page_id=58\",\"name\":\"Verein - AV Bevern\",\"isPartOf\":{\"@id\":\"https:\\\/\\\/av-bevern.de\\\/#website\"},\"datePublished\":\"2017-09-12T17:41:50+00:00\",\"dateModified\":\"2024-04-28T19:01:15+00:00\",\"breadcrumb\":{\"@id\":\"https:\\\/\\\/av-bevern.de\\\/?page_id=58#breadcrumb\"},\"inLanguage\":\"de\",\"potentialAction\":[{\"@type\":\"ReadAction\",\"target\":[\"https:\\\/\\\/av-bevern.de\\\/?page_id=58\"]}]},{\"@type\":\"BreadcrumbList\",\"@id\":\"https:\\\/\\\/av-bevern.de\\\/?page_id=58#breadcrumb\",\"itemListElement\":[{\"@type\":\"ListItem\",\"position\":1,\"name\":\"Startseite\",\"item\":\"https:\\\/\\\/av-bevern.de\\\/\"},{\"@type\":\"ListItem\",\"position\":2,\"name\":\"Verein\"}]},{\"@type\":\"WebSite\",\"@id\":\"https:\\\/\\\/av-bevern.de\\\/#website\",\"url\":\"https:\\\/\\\/av-bevern.de\\\/\",\"name\":\"AV Bevern\",\"description\":\"seit 1965\",\"publisher\":{\"@id\":\"https:\\\/\\\/av-bevern.de\\\/#organization\"},\"potentialAction\":[{\"@type\":\"SearchAction\",\"target\":{\"@type\":\"EntryPoint\",\"urlTemplate\":\"https:\\\/\\\/av-bevern.de\\\/?s={search_term_string}\"},\"query-input\":{\"@type\":\"PropertyValueSpecification\",\"valueRequired\":true,\"valueName\":\"search_term_string\"}}],\"inLanguage\":\"de\"},{\"@type\":\"Organization\",\"@id\":\"https:\\\/\\\/av-bevern.de\\\/#organization\",\"name\":\"AV Bevern\",\"url\":\"https:\\\/\\\/av-bevern.de\\\/\",\"logo\":{\"@type\":\"ImageObject\",\"inLanguage\":\"de\",\"@id\":\"https:\\\/\\\/av-bevern.de\\\/#\\\/schema\\\/logo\\\/image\\\/\",\"url\":\"https:\\\/\\\/av-bevern.de\\\/wp-content\\\/uploads\\\/2017\\\/12\\\/cropped-AV.jpg\",\"contentUrl\":\"https:\\\/\\\/av-bevern.de\\\/wp-content\\\/uploads\\\/2017\\\/12\\\/cropped-AV.jpg\",\"width\":217,\"height\":250,\"caption\":\"AV Bevern\"},\"image\":{\"@id\":\"https:\\\/\\\/av-bevern.de\\\/#\\\/schema\\\/logo\\\/image\\\/\"}}]}<\/script>\n<!-- \/ Yoast SEO plugin. -->","yoast_head_json":{"title":"Verein - AV Bevern","robots":{"index":"index","follow":"follow","max-snippet":"max-snippet:-1","max-image-preview":"max-image-preview:large","max-video-preview":"max-video-preview:-1"},"canonical":"https:\/\/av-bevern.de\/?page_id=58","og_locale":"de_DE","og_type":"article","og_title":"Verein - AV Bevern","og_description":"AV-Bevern e. V. Der Angelverein Bevern wurde 1965 gegr\u00fcndet und hat derzeit knapp \u00fcber 200 Mitglieder. Zu unseren Zielen geh\u00f6rt die naturnahe Erhaltung unserer Vereinsgew\u00e4sser und die Pflege eines artenreichen Fischbestandes. Mit zahlreichen Aktivit\u00e4ten m\u00f6chten wir das Freizeitangebot der\u00a0Ortschaft Bevern\u00a0erweitern und damit f\u00fcr alle Altersgruppen Bet\u00e4tigungsm\u00f6glichkeiten bieten. Beispiele hierf\u00fcr sind die Durchf\u00fchrung von Pflege- und &hellip; \u201eVerein\u201c weiterlesen","og_url":"https:\/\/av-bevern.de\/?page_id=58","og_site_name":"AV Bevern","article_modified_time":"2024-04-28T19:01:15+00:00","twitter_card":"summary_large_image","twitter_misc":{"Gesch\u00e4tzte Lesezeit":"3\u00a0Minuten"},"schema":{"@context":"https:\/\/schema.org","@graph":[{"@type":"WebPage","@id":"https:\/\/av-bevern.de\/?page_id=58","url":"https:\/\/av-bevern.de\/?page_id=58","name":"Verein - AV Bevern","isPartOf":{"@id":"https:\/\/av-bevern.de\/#website"},"datePublished":"2017-09-12T17:41:50+00:00","dateModified":"2024-04-28T19:01:15+00:00","breadcrumb":{"@id":"https:\/\/av-bevern.de\/?page_id=58#breadcrumb"},"inLanguage":"de","potentialAction":[{"@type":"ReadAction","target":["https:\/\/av-bevern.de\/?page_id=58"]}]},{"@type":"BreadcrumbList","@id":"https:\/\/av-bevern.de\/?page_id=58#breadcrumb","itemListElement":[{"@type":"ListItem","position":1,"name":"Startseite","item":"https:\/\/av-bevern.de\/"},{"@type":"ListItem","position":2,"name":"Verein"}]},{"@type":"WebSite","@id":"https:\/\/av-bevern.de\/#website","url":"https:\/\/av-bevern.de\/","name":"AV Bevern","description":"seit 1965","publisher":{"@id":"https:\/\/av-bevern.de\/#organization"},"potentialAction":[{"@type":"SearchAction","target":{"@type":"EntryPoint","urlTemplate":"https:\/\/av-bevern.de\/?s={search_term_string}"},"query-input":{"@type":"PropertyValueSpecification","valueRequired":true,"valueName":"search_term_string"}}],"inLanguage":"de"},{"@type":"Organization","@id":"https:\/\/av-bevern.de\/#organization","name":"AV Bevern","url":"https:\/\/av-bevern.de\/","logo":{"@type":"ImageObject","inLanguage":"de","@id":"https:\/\/av-bevern.de\/#\/schema\/logo\/image\/","url":"https:\/\/av-bevern.de\/wp-content\/uploads\/2017\/12\/cropped-AV.jpg","contentUrl":"https:\/\/av-bevern.de\/wp-content\/uploads\/2017\/12\/cropped-AV.jpg","width":217,"height":250,"caption":"AV Bevern"},"image":{"@id":"https:\/\/av-bevern.de\/#\/schema\/logo\/image\/"}}]}},"_links":{"self":[{"href":"https:\/\/av-bevern.de\/index.php?rest_route=\/wp\/v2\/pages\/58","targetHints":{"allow":["GET"]}}],"collection":[{"href":"https:\/\/av-bevern.de\/index.php?rest_route=\/wp\/v2\/pages"}],"about":[{"href":"https:\/\/av-bevern.de\/index.php?rest_route=\/wp\/v2\/types\/page"}],"author":[{"embeddable":true,"href":"https:\/\/av-bevern.de\/index.php?rest_route=\/wp\/v2\/users\/1"}],"replies":[{"embeddable":true,"href":"https:\/\/av-bevern.de\/index.php?rest_route=%2Fwp%2Fv2%2Fcomments&post=58"}],"version-history":[{"count":15,"href":"https:\/\/av-bevern.de\/index.php?rest_route=\/wp\/v2\/pages\/58\/revisions"}],"predecessor-version":[{"id":258,"href":"https:\/\/av-bevern.de\/index.php?rest_route=\/wp\/v2\/pages\/58\/revisions\/258"}],"wp:attachment":[{"href":"https:\/\/av-bevern.de\/index.php?rest_route=%2Fwp%2Fv2%2Fmedia&parent=58"}],"curies":[{"name":"wp","href":"https:\/\/api.w.org\/{rel}","templated":true}]}}