{"id":190,"date":"2020-08-24T20:23:46","date_gmt":"2020-08-24T20:23:46","guid":{"rendered":"http:\/\/av-bevern.de\/?page_id=190"},"modified":"2024-05-14T21:35:41","modified_gmt":"2024-05-14T21:35:41","slug":"downloads-oeffentlich","status":"publish","type":"page","link":"https:\/\/av-bevern.de\/?page_id=190","title":{"rendered":"Downloads &#8211; \u00f6ffentlich"},"content":{"rendered":"\n<div class=\"wp-block-group\"><div class=\"wp-block-group__inner-container is-layout-constrained wp-block-group-is-layout-constrained\">\n<div data-wp-interactive=\"core\/file\" id=\"wp-block-file--media-34d89c24-1c56-40d2-bcb5-0a6d064e0fc3\" class=\"wp-block-file\"><object data-wp-bind--hidden=\"!state.hasPdfPreview\" hidden class=\"wp-block-file__embed\" data=\"http:\/\/av-bevern.de\/wp-content\/uploads\/2024\/05\/Fangliste-2024.pdf\" type=\"application\/pdf\" style=\"width:100%;height:200px\" aria-label=\"Einbettung von Fangliste-2024.\"><\/object><a id=\"wp-block-file--media-34d89c24-1c56-40d2-bcb5-0a6d064e0fc3\" href=\"http:\/\/av-bevern.de\/wp-content\/uploads\/2024\/05\/Fangliste-2024.pdf\">Fangliste-2024<\/a><a href=\"http:\/\/av-bevern.de\/wp-content\/uploads\/2024\/05\/Fangliste-2024.pdf\" class=\"wp-block-file__button wp-element-button\" download aria-describedby=\"wp-block-file--media-34d89c24-1c56-40d2-bcb5-0a6d064e0fc3\">Herunterladen<\/a><\/div>\n<\/div><\/div>\n\n\n\n<div class=\"wp-block-group\"><div class=\"wp-block-group__inner-container is-layout-flow wp-block-group-is-layout-flow\">\n<div class=\"wp-block-file\"><a id=\"wp-block-file--media-52a48b19-b4fe-4d29-b9eb-1b190ad7666e\" href=\"http:\/\/av-bevern.de\/wp-content\/uploads\/2020\/08\/Satzung-v.-14.02.2020-1.pdf\">Satzung vom 14.02.2020<\/a><a href=\"http:\/\/av-bevern.de\/wp-content\/uploads\/2020\/08\/Satzung-v.-14.02.2020-1.pdf\" class=\"wp-block-file__button wp-element-button\" download aria-describedby=\"wp-block-file--media-52a48b19-b4fe-4d29-b9eb-1b190ad7666e\">Herunterladen<\/a><\/div>\n<\/div><\/div>\n\n\n\n<p>Wenn die Dateien in der mobilen Version heruntergeladen werden, kann es passieren, dass der Download nicht startet. In diesem Fall die Schaltfl\u00e4che &#8222;Herunterladen&#8220; gedr\u00fcckt halten und  den Link in einem neuen Tab \u00f6ffnen.<\/p>\n","protected":false},"excerpt":{"rendered":"<p>Wenn die Dateien in der mobilen Version heruntergeladen werden, kann es passieren, dass der Download nicht startet. In diesem Fall die Schaltfl\u00e4che &#8222;Herunterladen&#8220; gedr\u00fcckt halten und den Link in einem neuen Tab \u00f6ffnen.<\/p>\n","protected":false},"author":1,"featured_media":0,"parent":0,"menu_order":0,"comment_status":"closed","ping_status":"closed","template":"","meta":{"footnotes":""},"class_list":["post-190","page","type-page","status-publish","hentry"],"yoast_head":"<!-- This site is optimized with the Yoast SEO plugin v27.6 - https:\/\/yoast.com\/product\/yoast-seo-wordpress\/ -->\n<title>Downloads - \u00f6ffentlich - AV Bevern<\/title>\n<meta name=\"robots\" content=\"index, follow, max-snippet:-1, max-image-preview:large, max-video-preview:-1\" \/>\n<link rel=\"canonical\" href=\"https:\/\/av-bevern.de\/?page_id=190\" \/>\n<meta property=\"og:locale\" content=\"de_DE\" \/>\n<meta property=\"og:type\" content=\"article\" \/>\n<meta property=\"og:title\" content=\"Downloads - \u00f6ffentlich - AV Bevern\" \/>\n<meta property=\"og:description\" content=\"Wenn die Dateien in der mobilen Version heruntergeladen werden, kann es passieren, dass der Download nicht startet. In diesem Fall die Schaltfl\u00e4che &#8222;Herunterladen&#8220; gedr\u00fcckt halten und den Link in einem neuen Tab \u00f6ffnen.\" \/>\n<meta property=\"og:url\" content=\"https:\/\/av-bevern.de\/?page_id=190\" \/>\n<meta property=\"og:site_name\" content=\"AV Bevern\" \/>\n<meta property=\"article:modified_time\" content=\"2024-05-14T21:35:41+00:00\" \/>\n<meta name=\"twitter:card\" content=\"summary_large_image\" \/>\n<meta name=\"twitter:label1\" content=\"Gesch\u00e4tzte Lesezeit\" \/>\n\t<meta name=\"twitter:data1\" content=\"1\u00a0Minute\" \/>\n<script type=\"application\/ld+json\" class=\"yoast-schema-graph\">{\"@context\":\"https:\\\/\\\/schema.org\",\"@graph\":[{\"@type\":\"WebPage\",\"@id\":\"https:\\\/\\\/av-bevern.de\\\/?page_id=190\",\"url\":\"https:\\\/\\\/av-bevern.de\\\/?page_id=190\",\"name\":\"Downloads - \u00f6ffentlich - AV Bevern\",\"isPartOf\":{\"@id\":\"https:\\\/\\\/av-bevern.de\\\/#website\"},\"datePublished\":\"2020-08-24T20:23:46+00:00\",\"dateModified\":\"2024-05-14T21:35:41+00:00\",\"breadcrumb\":{\"@id\":\"https:\\\/\\\/av-bevern.de\\\/?page_id=190#breadcrumb\"},\"inLanguage\":\"de\",\"potentialAction\":[{\"@type\":\"ReadAction\",\"target\":[\"https:\\\/\\\/av-bevern.de\\\/?page_id=190\"]}]},{\"@type\":\"BreadcrumbList\",\"@id\":\"https:\\\/\\\/av-bevern.de\\\/?page_id=190#breadcrumb\",\"itemListElement\":[{\"@type\":\"ListItem\",\"position\":1,\"name\":\"Startseite\",\"item\":\"https:\\\/\\\/av-bevern.de\\\/\"},{\"@type\":\"ListItem\",\"position\":2,\"name\":\"Downloads &#8211; \u00f6ffentlich\"}]},{\"@type\":\"WebSite\",\"@id\":\"https:\\\/\\\/av-bevern.de\\\/#website\",\"url\":\"https:\\\/\\\/av-bevern.de\\\/\",\"name\":\"AV Bevern\",\"description\":\"seit 1965\",\"publisher\":{\"@id\":\"https:\\\/\\\/av-bevern.de\\\/#organization\"},\"potentialAction\":[{\"@type\":\"SearchAction\",\"target\":{\"@type\":\"EntryPoint\",\"urlTemplate\":\"https:\\\/\\\/av-bevern.de\\\/?s={search_term_string}\"},\"query-input\":{\"@type\":\"PropertyValueSpecification\",\"valueRequired\":true,\"valueName\":\"search_term_string\"}}],\"inLanguage\":\"de\"},{\"@type\":\"Organization\",\"@id\":\"https:\\\/\\\/av-bevern.de\\\/#organization\",\"name\":\"AV Bevern\",\"url\":\"https:\\\/\\\/av-bevern.de\\\/\",\"logo\":{\"@type\":\"ImageObject\",\"inLanguage\":\"de\",\"@id\":\"https:\\\/\\\/av-bevern.de\\\/#\\\/schema\\\/logo\\\/image\\\/\",\"url\":\"https:\\\/\\\/av-bevern.de\\\/wp-content\\\/uploads\\\/2017\\\/12\\\/cropped-AV.jpg\",\"contentUrl\":\"https:\\\/\\\/av-bevern.de\\\/wp-content\\\/uploads\\\/2017\\\/12\\\/cropped-AV.jpg\",\"width\":217,\"height\":250,\"caption\":\"AV Bevern\"},\"image\":{\"@id\":\"https:\\\/\\\/av-bevern.de\\\/#\\\/schema\\\/logo\\\/image\\\/\"}}]}<\/script>\n<!-- \/ Yoast SEO plugin. -->","yoast_head_json":{"title":"Downloads - \u00f6ffentlich - AV Bevern","robots":{"index":"index","follow":"follow","max-snippet":"max-snippet:-1","max-image-preview":"max-image-preview:large","max-video-preview":"max-video-preview:-1"},"canonical":"https:\/\/av-bevern.de\/?page_id=190","og_locale":"de_DE","og_type":"article","og_title":"Downloads - \u00f6ffentlich - AV Bevern","og_description":"Wenn die Dateien in der mobilen Version heruntergeladen werden, kann es passieren, dass der Download nicht startet. In diesem Fall die Schaltfl\u00e4che &#8222;Herunterladen&#8220; gedr\u00fcckt halten und den Link in einem neuen Tab \u00f6ffnen.","og_url":"https:\/\/av-bevern.de\/?page_id=190","og_site_name":"AV Bevern","article_modified_time":"2024-05-14T21:35:41+00:00","twitter_card":"summary_large_image","twitter_misc":{"Gesch\u00e4tzte Lesezeit":"1\u00a0Minute"},"schema":{"@context":"https:\/\/schema.org","@graph":[{"@type":"WebPage","@id":"https:\/\/av-bevern.de\/?page_id=190","url":"https:\/\/av-bevern.de\/?page_id=190","name":"Downloads - \u00f6ffentlich - AV Bevern","isPartOf":{"@id":"https:\/\/av-bevern.de\/#website"},"datePublished":"2020-08-24T20:23:46+00:00","dateModified":"2024-05-14T21:35:41+00:00","breadcrumb":{"@id":"https:\/\/av-bevern.de\/?page_id=190#breadcrumb"},"inLanguage":"de","potentialAction":[{"@type":"ReadAction","target":["https:\/\/av-bevern.de\/?page_id=190"]}]},{"@type":"BreadcrumbList","@id":"https:\/\/av-bevern.de\/?page_id=190#breadcrumb","itemListElement":[{"@type":"ListItem","position":1,"name":"Startseite","item":"https:\/\/av-bevern.de\/"},{"@type":"ListItem","position":2,"name":"Downloads &#8211; \u00f6ffentlich"}]},{"@type":"WebSite","@id":"https:\/\/av-bevern.de\/#website","url":"https:\/\/av-bevern.de\/","name":"AV Bevern","description":"seit 1965","publisher":{"@id":"https:\/\/av-bevern.de\/#organization"},"potentialAction":[{"@type":"SearchAction","target":{"@type":"EntryPoint","urlTemplate":"https:\/\/av-bevern.de\/?s={search_term_string}"},"query-input":{"@type":"PropertyValueSpecification","valueRequired":true,"valueName":"search_term_string"}}],"inLanguage":"de"},{"@type":"Organization","@id":"https:\/\/av-bevern.de\/#organization","name":"AV Bevern","url":"https:\/\/av-bevern.de\/","logo":{"@type":"ImageObject","inLanguage":"de","@id":"https:\/\/av-bevern.de\/#\/schema\/logo\/image\/","url":"https:\/\/av-bevern.de\/wp-content\/uploads\/2017\/12\/cropped-AV.jpg","contentUrl":"https:\/\/av-bevern.de\/wp-content\/uploads\/2017\/12\/cropped-AV.jpg","width":217,"height":250,"caption":"AV Bevern"},"image":{"@id":"https:\/\/av-bevern.de\/#\/schema\/logo\/image\/"}}]}},"_links":{"self":[{"href":"https:\/\/av-bevern.de\/index.php?rest_route=\/wp\/v2\/pages\/190","targetHints":{"allow":["GET"]}}],"collection":[{"href":"https:\/\/av-bevern.de\/index.php?rest_route=\/wp\/v2\/pages"}],"about":[{"href":"https:\/\/av-bevern.de\/index.php?rest_route=\/wp\/v2\/types\/page"}],"author":[{"embeddable":true,"href":"https:\/\/av-bevern.de\/index.php?rest_route=\/wp\/v2\/users\/1"}],"replies":[{"embeddable":true,"href":"https:\/\/av-bevern.de\/index.php?rest_route=%2Fwp%2Fv2%2Fcomments&post=190"}],"version-history":[{"count":17,"href":"https:\/\/av-bevern.de\/index.php?rest_route=\/wp\/v2\/pages\/190\/revisions"}],"predecessor-version":[{"id":281,"href":"https:\/\/av-bevern.de\/index.php?rest_route=\/wp\/v2\/pages\/190\/revisions\/281"}],"wp:attachment":[{"href":"https:\/\/av-bevern.de\/index.php?rest_route=%2Fwp%2Fv2%2Fmedia&parent=190"}],"curies":[{"name":"wp","href":"https:\/\/api.w.org\/{rel}","templated":true}]}}